{"id":5,"date":"2018-03-14T10:54:21","date_gmt":"2018-03-14T09:54:21","guid":{"rendered":"http:\/\/inscriptions.evenements.maisondelachimie.localhost\/index.php\/evenements\/"},"modified":"2019-06-19T15:36:04","modified_gmt":"2019-06-19T13:36:04","slug":"evenements","status":"publish","type":"page","link":"https:\/\/inscriptions.maisondelachimie.com\/defisdelachimie\/","title":{"rendered":"\u00c9v\u00e9nements"},"content":{"rendered":"<div class='css-events-list'>Il n'y a pas d'\u00e9v\u00e9nement programm\u00e9 pour l'instant.<\/div>\n","protected":false},"excerpt":{"rendered":"<p>CONTENTS<\/p>\n","protected":false},"author":1,"featured_media":0,"parent":0,"menu_order":0,"comment_status":"closed","ping_status":"open","template":"","meta":{"footnotes":""},"class_list":["post-5","page","type-page","status-publish","hentry"],"_links":{"self":[{"href":"https:\/\/inscriptions.maisondelachimie.com\/defisdelachimie\/wp-json\/wp\/v2\/pages\/5","targetHints":{"allow":["GET"]}}],"collection":[{"href":"https:\/\/inscriptions.maisondelachimie.com\/defisdelachimie\/wp-json\/wp\/v2\/pages"}],"about":[{"href":"https:\/\/inscriptions.maisondelachimie.com\/defisdelachimie\/wp-json\/wp\/v2\/types\/page"}],"author":[{"embeddable":true,"href":"https:\/\/inscriptions.maisondelachimie.com\/defisdelachimie\/wp-json\/wp\/v2\/users\/1"}],"replies":[{"embeddable":true,"href":"https:\/\/inscriptions.maisondelachimie.com\/defisdelachimie\/wp-json\/wp\/v2\/comments?post=5"}],"version-history":[{"count":6,"href":"https:\/\/inscriptions.maisondelachimie.com\/defisdelachimie\/wp-json\/wp\/v2\/pages\/5\/revisions"}],"predecessor-version":[{"id":116,"href":"https:\/\/inscriptions.maisondelachimie.com\/defisdelachimie\/wp-json\/wp\/v2\/pages\/5\/revisions\/116"}],"wp:attachment":[{"href":"https:\/\/inscriptions.maisondelachimie.com\/defisdelachimie\/wp-json\/wp\/v2\/media?parent=5"}],"curies":[{"name":"wp","href":"https:\/\/api.w.org\/{rel}","templated":true}]}}